{"id":7155,"date":"2020-04-16T20:57:49","date_gmt":"2020-04-16T18:57:49","guid":{"rendered":"https:\/\/www.swub.de\/?page_id=7155"},"modified":"2023-04-14T23:04:09","modified_gmt":"2023-04-14T21:04:09","slug":"kleines-budget","status":"publish","type":"page","link":"https:\/\/www.swub.de\/de\/software\/keyswitch-expression-map-for-ableton-live\/kleines-budget\/","title":{"rendered":"Kleines Budget?"},"content":{"rendered":"\n<p> <strong>\n<div role=\"navigation\" aria-label=\"Sprachwechsler\" class=\"wpml-ls-statics-footer wpml-ls wpml-ls-legacy-list-horizontal\">\n\t<ul><li class=\"wpml-ls-slot-footer wpml-ls-item wpml-ls-item-en wpml-ls-first-item wpml-ls-item-legacy-list-horizontal\">\n\t\t\t\t<a href=\"https:\/\/www.swub.de\/en\/\" hreflang=\"en\" lang=\"en\" class=\"wpml-ls-link\" aria-label=\"Wechseln zu English\" title=\"Wechseln zu English\">\n\t\t\t\t\t<span class=\"wpml-ls-native\">English<\/span><\/a>\n\t\t\t<\/li><li class=\"wpml-ls-slot-footer wpml-ls-item wpml-ls-item-de wpml-ls-current-language wpml-ls-last-item wpml-ls-item-legacy-list-horizontal\">\n\t\t\t\t<a href=\"https:\/\/www.swub.de\/de\/\" hreflang=\"de\" lang=\"de\" class=\"wpml-ls-link\" aria-current=\"page\" aria-label=\"Wechseln zu Deutsch\" title=\"Wechseln zu Deutsch\">\n\t\t\t\t\t<span class=\"wpml-ls-native\">Deutsch<\/span><\/a>\n\t\t\t<\/li><\/ul>\n<\/div>\n<\/strong> <\/p>\n\n\n\n<p>Ich bin der Meinung, dass Musik zu machen und die Benutzung von guter Software nicht eine Frage von Geld sein sollte. Auch ich habe mal studiert und arbeite seit langer Zeit mit mehr oder weniger Geld als Freelancer, um zu wissen, dass man hin- und wieder sein Geld ein wenig z\u00e4hlen muss. Daher m\u00f6chte ich hier auf Vertrauensbasis die M\u00f6glichkeit bieten, die Software zum halben Preis f\u00fcr <strong>14,50 EUR<\/strong> (zzgl. MwSt) zu kaufen. Gib an der Kasse einfach diesen Gutschein-Code \u00fcber <strong>50% Preisnachlass<\/strong> ein: <\/p>\n\n\n\n<div style=\"height:25px\" aria-hidden=\"true\" class=\"wp-block-spacer\"><\/div>\n\n\n\n<figure class=\"wp-block-image size-large is-resized\"><img loading=\"lazy\" decoding=\"async\" src=\"https:\/\/www.swub.de\/wp-content\/uploads\/2020\/04\/discount_code_50.png\" alt=\"\" class=\"wp-image-6952\" width=\"204\" height=\"74\" srcset=\"https:\/\/www.swub.de\/wp-content\/uploads\/2020\/04\/discount_code_50.png 407w, https:\/\/www.swub.de\/wp-content\/uploads\/2020\/04\/discount_code_50-300x108.png 300w\" sizes=\"auto, (max-width: 204px) 100vw, 204px\" \/><\/figure>\n\n\n\n<div style=\"height:50px\" aria-hidden=\"true\" class=\"wp-block-spacer\"><\/div>\n\n\n\n<p>Und f\u00fcr die Sparf\u00fcchse unter Euch &#8230; die Verlockung mag gro\u00df sein, aber <strong>bitte seid ehrlich<\/strong> und zahlt den regul\u00e4ren Preis.<br>Ich denke, dass der Preis f\u00fcr die KeySwitch &amp; Expression Map fair und nicht teuer ist. Du unterst\u00fctzt die Music Community und honorierst viel Liebe zum Detail und Idealismus. Zudem erh\u00e4ltst Du eine ausf\u00fchrliche Dokumentation, damit Du nicht n\u00e4chtelang in Foren unterwegs sein musst, um Probleme zu beheben.<\/p>\n\n\n\n<p>Alle anderen z\u00f6gern aber bitte nicht, den Rabatt in Anspruch zu nehmen! Daf\u00fcr ist er da. Und wenn Du mich im Gegenzug auch unterst\u00fctzen willst, empfiehl das Plug-in gerne weiter.<\/p>\n\n\n\n<div class=\"wp-block-columns is-layout-flex wp-container-core-columns-is-layout-9d6595d7 wp-block-columns-is-layout-flex\">\n<div class=\"wp-block-column is-layout-flow wp-block-column-is-layout-flow\">\n<figure class=\"wp-block-image size-full\"><a href=\"https:\/\/www.youtube.com\/channel\/UC3xPqCIyBHyhCHbGKaC3UNg\" target=\"_blank\" rel=\"noreferrer noopener\"><img loading=\"lazy\" decoding=\"async\" width=\"52\" height=\"49\" src=\"https:\/\/www.swub.de\/wp-content\/uploads\/2020\/10\/youTube_50px.gif\" alt=\"\" class=\"wp-image-7518\"\/><\/a><\/figure>\n<\/div>\n\n\n\n<div class=\"wp-block-column is-layout-flow wp-block-column-is-layout-flow\">\n<figure class=\"wp-block-image size-full\"><a href=\"https:\/\/twitter.com\/@KSEM4Live\" target=\"_blank\" rel=\"noreferrer noopener\"><img loading=\"lazy\" decoding=\"async\" width=\"52\" height=\"49\" src=\"https:\/\/www.swub.de\/wp-content\/uploads\/2020\/10\/twitter_50px.gif\" alt=\"\" class=\"wp-image-7516\"\/><\/a><\/figure>\n<\/div>\n\n\n\n<div class=\"wp-block-column is-layout-flow wp-block-column-is-layout-flow\">\n<figure class=\"wp-block-image size-full\"><a href=\"https:\/\/www.instagram.com\/keyswitch_and_expression_map\/\" target=\"_blank\" rel=\"noreferrer noopener\"><img loading=\"lazy\" decoding=\"async\" width=\"50\" height=\"50\" src=\"https:\/\/www.swub.de\/wp-content\/uploads\/2023\/03\/instagram_50px.png\" alt=\"\" class=\"wp-image-12283\"\/><\/a><\/figure>\n<\/div>\n\n\n\n<div class=\"wp-block-column is-layout-flow wp-block-column-is-layout-flow\">\n<figure class=\"wp-block-image size-full\"><a href=\"https:\/\/www.facebook.com\/KeyswitchAbleton\" target=\"_blank\" rel=\"noreferrer noopener\"><img loading=\"lazy\" decoding=\"async\" width=\"52\" height=\"49\" src=\"https:\/\/www.swub.de\/wp-content\/uploads\/2020\/10\/facebook_50px.gif\" alt=\"\" class=\"wp-image-7514\"\/><\/a><\/figure>\n<\/div>\n<\/div>\n\n\n\n<p>Viel Spa\u00df beim Musik machen!<\/p>\n\n\n\n<div style=\"height:50px\" aria-hidden=\"true\" class=\"wp-block-spacer\"><\/div>\n\n\n\n<a href=\"https:\/\/transactions.sendowl.com\/products\/78250773\/7B4DE69E\/view\" rel=\"nofollow\"><img decoding=\"async\" src=\"https:\/\/transactions.sendowl.com\/assets\/external\/buy-now.png\"><\/a><script type=\"text\/javascript\" src=\"https:\/\/transactions.sendowl.com\/assets\/sendowl.js\"><\/script>\n\n\n<hr class=\"dashed3\" style=\"max-width:\">\n\n\n\n<div style=\"height:50px\" aria-hidden=\"true\" class=\"wp-block-spacer\"><\/div>\n\n\n\n<figure class=\"wp-block-image size-large\"><img loading=\"lazy\" decoding=\"async\" width=\"900\" height=\"54\" src=\"https:\/\/www.swub.de\/wp-content\/uploads\/2020\/04\/logos_payment-1.png\" alt=\"\" class=\"wp-image-7201\" srcset=\"https:\/\/www.swub.de\/wp-content\/uploads\/2020\/04\/logos_payment-1.png 900w, https:\/\/www.swub.de\/wp-content\/uploads\/2020\/04\/logos_payment-1-300x18.png 300w, https:\/\/www.swub.de\/wp-content\/uploads\/2020\/04\/logos_payment-1-768x46.png 768w\" sizes=\"auto, (max-width: 900px) 100vw, 900px\" \/><\/figure>\n\n\n\n<p class=\"has-small-font-size\"> Die Bezahlungsm\u00f6glichkeiten k\u00f6nnen je nach Land unterschiedlich sein. <\/p>\n\n\n<hr class=\"dashed3\" style=\"max-width:\">\n\n\n\n<p class=\"has-small-font-size\"> <img loading=\"lazy\" decoding=\"async\" width=\"19\" height=\"26\" class=\"wp-image-7220\" style=\"width: 19px;\" src=\"https:\/\/www.swub.de\/wp-content\/uploads\/2020\/04\/logos_lockPayment-2.png\" alt=\"\"> Gesicherte Bezahlung bereitgestellt von: <\/p>\n\n\n\n<figure class=\"wp-block-image size-large\"><img loading=\"lazy\" decoding=\"async\" width=\"280\" height=\"54\" src=\"https:\/\/www.swub.de\/wp-content\/uploads\/2021\/04\/logos_securedPayment.png\" alt=\"\" class=\"wp-image-8893\"\/><\/figure>\n\n\n<hr class=\"dashed3\" style=\"max-width:\">\n\n\n\n<p class=\"has-small-font-size\"> Die Software wurde mit Strom aus erneuerbaren Energien entwickelt. <\/p>\n\n\n\n<figure class=\"wp-block-image size-large\"><img loading=\"lazy\" decoding=\"async\" width=\"100\" height=\"102\" src=\"https:\/\/www.swub.de\/wp-content\/uploads\/2020\/04\/ecoEnergy.png\" alt=\"\" class=\"wp-image-7222\"\/><\/figure>\n","protected":false},"excerpt":{"rendered":"<p>Ich bin der Meinung, dass Musik zu machen und die Benutzung von guter Software nicht eine Frage von Geld sein sollte. Auch ich habe mal studiert und arbeite seit langer Zeit mit mehr oder weniger Geld als Freelancer, um zu wissen, dass man hin- und wieder sein Geld ein wenig z\u00e4hlen muss. Daher m\u00f6chte ich<\/p>\n","protected":false},"author":1,"featured_media":0,"parent":5021,"menu_order":0,"comment_status":"closed","ping_status":"closed","template":"","meta":{"_uag_custom_page_level_css":"","pgc_sgb_lightbox_settings":"","footnotes":""},"class_list":["post-7155","page","type-page","status-publish","hentry"],"uagb_featured_image_src":{"full":false,"thumbnail":false,"medium":false,"medium_large":false,"large":false,"1536x1536":false,"2048x2048":false,"betterdocs-category-thumb":false},"uagb_author_info":{"display_name":"swub","author_link":"https:\/\/www.swub.de\/de\/author\/swubhome\/"},"uagb_comment_info":0,"uagb_excerpt":"Ich bin der Meinung, dass Musik zu machen und die Benutzung von guter Software nicht eine Frage von Geld sein sollte. Auch ich habe mal studiert und arbeite seit langer Zeit mit mehr oder weniger Geld als Freelancer, um zu wissen, dass man hin- und wieder sein Geld ein wenig z\u00e4hlen muss. Daher m\u00f6chte ich","_links":{"self":[{"href":"https:\/\/www.swub.de\/de\/wp-json\/wp\/v2\/pages\/7155","targetHints":{"allow":["GET"]}}],"collection":[{"href":"https:\/\/www.swub.de\/de\/wp-json\/wp\/v2\/pages"}],"about":[{"href":"https:\/\/www.swub.de\/de\/wp-json\/wp\/v2\/types\/page"}],"author":[{"embeddable":true,"href":"https:\/\/www.swub.de\/de\/wp-json\/wp\/v2\/users\/1"}],"replies":[{"embeddable":true,"href":"https:\/\/www.swub.de\/de\/wp-json\/wp\/v2\/comments?post=7155"}],"version-history":[{"count":0,"href":"https:\/\/www.swub.de\/de\/wp-json\/wp\/v2\/pages\/7155\/revisions"}],"up":[{"embeddable":true,"href":"https:\/\/www.swub.de\/de\/wp-json\/wp\/v2\/pages\/5021"}],"wp:attachment":[{"href":"https:\/\/www.swub.de\/de\/wp-json\/wp\/v2\/media?parent=7155"}],"curies":[{"name":"wp","href":"https:\/\/api.w.org\/{rel}","templated":true}]}}